{"id":232,"date":"2026-01-01T11:11:55","date_gmt":"2026-01-01T11:11:55","guid":{"rendered":"http:\/\/localhost\/mrkloznica\/?page_id=232"},"modified":"2026-05-07T14:17:52","modified_gmt":"2026-05-07T14:17:52","slug":"istorijat-mrk-loznica","status":"publish","type":"page","link":"https:\/\/mrkloznica.rs\/index.php\/istorijat-mrk-loznica\/","title":{"rendered":"ISTORIJAT MRK Loznica"},"content":{"rendered":"\t\t<div data-elementor-type=\"wp-page\" data-elementor-id=\"232\" class=\"elementor elementor-232\" data-elementor-post-type=\"page\">\n\t\t\t\t<div class=\"elementor-element elementor-element-53caaf7 e-flex e-con-boxed e-con e-parent\" data-id=\"53caaf7\" data-element_type=\"container\" data-e-type=\"container\" data-settings=\"{&quot;background_background&quot;:&quot;classic&quot;,&quot;shape_divider_bottom&quot;:&quot;mountains&quot;}\">\n\t\t\t\t\t<div class=\"e-con-inner\">\n\t\t\t\t<div class=\"elementor-shape elementor-shape-bottom\" aria-hidden=\"true\" data-negative=\"false\">\n\t\t\t<svg xmlns=\"http:\/\/www.w3.org\/2000\/svg\" viewBox=\"0 0 1000 100\" preserveAspectRatio=\"none\">\n\t<path class=\"elementor-shape-fill\" opacity=\"0.33\" d=\"M473,67.3c-203.9,88.3-263.1-34-320.3,0C66,119.1,0,59.7,0,59.7V0h1000v59.7 c0,0-62.1,26.1-94.9,29.3c-32.8,3.3-62.8-12.3-75.8-22.1C806,49.6,745.3,8.7,694.9,4.7S492.4,59,473,67.3z\"\/>\n\t<path class=\"elementor-shape-fill\" opacity=\"0.66\" d=\"M734,67.3c-45.5,0-77.2-23.2-129.1-39.1c-28.6-8.7-150.3-10.1-254,39.1 s-91.7-34.4-149.2,0C115.7,118.3,0,39.8,0,39.8V0h1000v36.5c0,0-28.2-18.5-92.1-18.5C810.2,18.1,775.7,67.3,734,67.3z\"\/>\n\t<path class=\"elementor-shape-fill\" d=\"M766.1,28.9c-200-57.5-266,65.5-395.1,19.5C242,1.8,242,5.4,184.8,20.6C128,35.8,132.3,44.9,89.9,52.5C28.6,63.7,0,0,0,0 h1000c0,0-9.9,40.9-83.6,48.1S829.6,47,766.1,28.9z\"\/>\n<\/svg>\t\t<\/div>\n\t\t\t\t<div class=\"elementor-element elementor-element-80eee8c animated-slow elementor-invisible elementor-widget elementor-widget-text-editor\" data-id=\"80eee8c\" data-element_type=\"widget\" data-e-type=\"widget\" data-settings=\"{&quot;_animation&quot;:&quot;fadeIn&quot;,&quot;_animation_delay&quot;:900}\" data-widget_type=\"text-editor.default\">\n\t\t\t\t\t\t\t\t\t<p>ISTORIJAT<\/p><p>MRK LOZNICA<\/p>\t\t\t\t\t\t\t\t<\/div>\n\t\t\t\t<div class=\"elementor-element elementor-element-e42ecd4 elementor-widget elementor-widget-text-editor\" data-id=\"e42ecd4\" data-element_type=\"widget\" data-e-type=\"widget\" data-widget_type=\"text-editor.default\">\n\t\t\t\t\t\t\t\t\tMRK Loznica, osnovan je 1956. godine.<br>Prvu utakmicu, rukometa\u0161i Loznice, odigrali su protiv ekipe Zvornika i ostvarili pobedu 14-13.\t\t\t\t\t\t\t\t<\/div>\n\t\t\t\t\t<\/div>\n\t\t\t\t<\/div>\n\t\t<div class=\"elementor-element elementor-element-c13e7ea e-flex e-con-boxed e-con e-parent\" data-id=\"c13e7ea\" data-element_type=\"container\" data-e-type=\"container\">\n\t\t\t\t\t<div class=\"e-con-inner\">\n\t\t\t\t<div class=\"elementor-element elementor-element-0346180 elementor-widget elementor-widget-text-editor\" data-id=\"0346180\" data-element_type=\"widget\" data-e-type=\"widget\" data-widget_type=\"text-editor.default\">\n\t\t\t\t\t\t\t\t\t<p>ISTORIJAT MRK LOZNICA<\/p>\t\t\t\t\t\t\t\t<\/div>\n\t\t\t\t\t<\/div>\n\t\t\t\t<\/div>\n\t\t<div class=\"elementor-element elementor-element-3b6bee4 e-flex e-con-boxed e-con e-parent\" data-id=\"3b6bee4\" data-element_type=\"container\" data-e-type=\"container\">\n\t\t\t\t\t<div class=\"e-con-inner\">\n\t\t<div class=\"elementor-element elementor-element-4f5b988 e-con-full e-flex e-con e-child\" data-id=\"4f5b988\" data-element_type=\"container\" data-e-type=\"container\">\n\t\t\t\t<div class=\"elementor-element elementor-element-0dd6097 elementor-widget__width-auto elementor-widget elementor-widget-text-editor\" data-id=\"0dd6097\" data-element_type=\"widget\" data-e-type=\"widget\" data-widget_type=\"text-editor.default\">\n\t\t\t\t\t\t\t\t\t<p><strong>Na ovoj stranici \u0107e biti pomenuti oni, koji su obele\u017eili jedno vreme, postavili rukometne temelje MRK Loznica. Kroz dostupne podatke i fotografije, poku\u0161a\u0107emo da opi\u0161emo, sedam decenija dugu istoriju kluba.<\/strong><\/p>\t\t\t\t\t\t\t\t<\/div>\n\t\t\t\t<div class=\"elementor-element elementor-element-2af8c99 elementor-widget elementor-widget-text-editor\" data-id=\"2af8c99\" data-element_type=\"widget\" data-e-type=\"widget\" data-widget_type=\"text-editor.default\">\n\t\t\t\t\t\t\t\t\t<h3>MRK Loznica, osnovan je 1956. godine. Prvu utakmicu, rukometa\u0161i Loznice, odigrali su protiv ekipe Zvornika i ostvarili pobedu 14-13.<\/h3>\n<p>Me\u010deve, rukometa\u0161i Loznice protiv gostuju\u0107ih ekipa, igrali su na terenu O\u0160 \u201eJovan Cviji\u0107\u201c.&nbsp;<span style=\"font-family: inherit; font-size: inherit; font-style: inherit; font-variant-ligatures: inherit; font-variant-caps: inherit; font-weight: inherit;\">Takmi\u010darski deo, MRK Loznica, zapo\u010deo je u ligi koja je brojala ukupno 8 klubova, u okviru Posavsko \u2013 Podunavske zone.&nbsp;<\/span><\/p>\n<p><strong>Svi Vi, koji imate podatke, fotografije, novinske \u010dlanke, dostavite nam na e mail: mrkloznicapress@gmail.com.<\/strong><\/p>\n<p>Ova stranica \u0107e se, a\u017eurirati svakodnevno, od 01. septembra.<\/p>\t\t\t\t\t\t\t\t<\/div>\n\t\t\t\t<\/div>\n\t\t<div class=\"elementor-element elementor-element-a51cbba e-con-full e-flex e-con e-child\" data-id=\"a51cbba\" data-element_type=\"container\" data-e-type=\"container\">\n\t\t\t\t<div class=\"elementor-element elementor-element-e63766e elementor-widget elementor-widget-image\" data-id=\"e63766e\" data-element_type=\"widget\" data-e-type=\"widget\" data-widget_type=\"image.default\">\n\t\t\t\t\t\t\t\t\t\t\t\t\t\t\t<img fetchpriority=\"high\" decoding=\"async\" width=\"350\" height=\"391\" src=\"https:\/\/mrkloznica.rs\/wp-content\/uploads\/2025\/12\/logo-mrk-loznica-350-s.webp\" class=\"attachment-large size-large wp-image-123\" alt=\"\" srcset=\"https:\/\/mrkloznica.rs\/wp-content\/uploads\/2025\/12\/logo-mrk-loznica-350-s.webp 350w, https:\/\/mrkloznica.rs\/wp-content\/uploads\/2025\/12\/logo-mrk-loznica-350-s-269x300.webp 269w\" sizes=\"(max-width: 350px) 100vw, 350px\" \/>\t\t\t\t\t\t\t\t\t\t\t\t\t\t\t<\/div>\n\t\t\t\t<\/div>\n\t\t\t\t\t<\/div>\n\t\t\t\t<\/div>\n\t\t<div class=\"elementor-element elementor-element-2b135e0 e-con-full e-flex e-con e-parent\" data-id=\"2b135e0\" data-element_type=\"container\" data-e-type=\"container\">\n\t\t\t\t<div class=\"elementor-element elementor-element-275411a elementor-widget-divider--view-line_text elementor-widget-divider--element-align-center elementor-widget elementor-widget-divider\" data-id=\"275411a\" data-element_type=\"widget\" data-e-type=\"widget\" data-widget_type=\"divider.default\">\n\t\t\t\t\t\t\t<div class=\"elementor-divider\">\n\t\t\t<span class=\"elementor-divider-separator\">\n\t\t\t\t\t\t\t<span class=\"elementor-divider__text elementor-divider__element\">\n\t\t\t\tMRK LOZNICA\t\t\t\t<\/span>\n\t\t\t\t\t\t<\/span>\n\t\t<\/div>\n\t\t\t\t\t\t<\/div>\n\t\t\t\t<\/div>\n\t\t<div class=\"elementor-element elementor-element-3dec11c e-flex e-con-boxed e-con e-parent\" data-id=\"3dec11c\" data-element_type=\"container\" data-e-type=\"container\" data-settings=\"{&quot;background_background&quot;:&quot;classic&quot;}\">\n\t\t\t\t\t<div class=\"e-con-inner\">\n\t\t<div class=\"elementor-element elementor-element-eb21137 e-con-full e-flex e-con e-child\" data-id=\"eb21137\" data-element_type=\"container\" data-e-type=\"container\">\n\t\t\t\t<div class=\"elementor-element elementor-element-c61f082 elementor-widget elementor-widget-text-editor\" data-id=\"c61f082\" data-element_type=\"widget\" data-e-type=\"widget\" data-widget_type=\"text-editor.default\">\n\t\t\t\t\t\t\t\t\t<p>PODACI MRK LOZNICA<\/p>\t\t\t\t\t\t\t\t<\/div>\n\t\t\t\t<div class=\"elementor-element elementor-element-92c7617 elementor-widget elementor-widget-text-editor\" data-id=\"92c7617\" data-element_type=\"widget\" data-e-type=\"widget\" data-widget_type=\"text-editor.default\">\n\t\t\t\t\t\t\t\t\t<p>Mu\u0161ki rukometni klub &#8220;Loznica&#8221;<br \/>Milo\u0161a Pocerca 58, 15300 Loznica<br \/>UFK &#8220;Lagator&#8221;<br \/>PIB: 102740368<br \/>MB: 07330731<\/p>\t\t\t\t\t\t\t\t<\/div>\n\t\t\t\t<\/div>\n\t\t<div class=\"elementor-element elementor-element-b357e7c e-con-full e-flex e-con e-child\" data-id=\"b357e7c\" data-element_type=\"container\" data-e-type=\"container\">\n\t\t\t\t<div class=\"elementor-element elementor-element-d00937e elementor-widget elementor-widget-image\" data-id=\"d00937e\" data-element_type=\"widget\" data-e-type=\"widget\" data-widget_type=\"image.default\">\n\t\t\t\t\t\t\t\t\t\t\t\t\t\t\t<img fetchpriority=\"high\" decoding=\"async\" width=\"350\" height=\"391\" src=\"https:\/\/mrkloznica.rs\/wp-content\/uploads\/2025\/12\/logo-mrk-loznica-350-s.webp\" class=\"attachment-large size-large wp-image-123\" alt=\"\" srcset=\"https:\/\/mrkloznica.rs\/wp-content\/uploads\/2025\/12\/logo-mrk-loznica-350-s.webp 350w, https:\/\/mrkloznica.rs\/wp-content\/uploads\/2025\/12\/logo-mrk-loznica-350-s-269x300.webp 269w\" sizes=\"(max-width: 350px) 100vw, 350px\" \/>\t\t\t\t\t\t\t\t\t\t\t\t\t\t\t<\/div>\n\t\t\t\t<\/div>\n\t\t<div class=\"elementor-element elementor-element-6dcd092 e-con-full e-flex e-con e-child\" data-id=\"6dcd092\" data-element_type=\"container\" data-e-type=\"container\">\n\t\t\t\t<div class=\"elementor-element elementor-element-397c66e elementor-widget elementor-widget-text-editor\" data-id=\"397c66e\" data-element_type=\"widget\" data-e-type=\"widget\" data-widget_type=\"text-editor.default\">\n\t\t\t\t\t\t\t\t\t<p>KONTAKT MRK LOZNICA<\/p>\t\t\t\t\t\t\t\t<\/div>\n\t\t\t\t<div class=\"elementor-element elementor-element-ba1b9fd elementor-widget elementor-widget-text-editor\" data-id=\"ba1b9fd\" data-element_type=\"widget\" data-e-type=\"widget\" data-widget_type=\"text-editor.default\">\n\t\t\t\t\t\t\t\t\t<p>Sekretar kluba: Milan Obrenovi\u0107<br \/>Kontakt telefon: +381 63 209 782<br \/>rk.loznica10@gmail.com<br \/>mrkloznica@gmail.com<\/p>\t\t\t\t\t\t\t\t<\/div>\n\t\t\t\t<\/div>\n\t\t\t\t\t<\/div>\n\t\t\t\t<\/div>\n\t\t\t\t<\/div>\n\t\t","protected":false},"excerpt":{"rendered":"<p>MRK Loznica, osnovan je 1956. godine. Prvu utakmicu, rukometa\u0161i Loznice, odigrali su protiv ekipe Zvornika i ostvarili pobedu 14-13.<\/p>\n","protected":false},"author":1,"featured_media":1270,"parent":0,"menu_order":0,"comment_status":"closed","ping_status":"closed","template":"","meta":{"footnotes":""},"class_list":["post-232","page","type-page","status-publish","has-post-thumbnail","hentry"],"blocksy_meta":{"has_hero_section":"disabled","styles_descriptor":{"styles":{"desktop":"","tablet":"","mobile":""},"google_fonts":[],"version":6}},"_links":{"self":[{"href":"https:\/\/mrkloznica.rs\/index.php\/wp-json\/wp\/v2\/pages\/232","targetHints":{"allow":["GET"]}}],"collection":[{"href":"https:\/\/mrkloznica.rs\/index.php\/wp-json\/wp\/v2\/pages"}],"about":[{"href":"https:\/\/mrkloznica.rs\/index.php\/wp-json\/wp\/v2\/types\/page"}],"author":[{"embeddable":true,"href":"https:\/\/mrkloznica.rs\/index.php\/wp-json\/wp\/v2\/users\/1"}],"replies":[{"embeddable":true,"href":"https:\/\/mrkloznica.rs\/index.php\/wp-json\/wp\/v2\/comments?post=232"}],"version-history":[{"count":5,"href":"https:\/\/mrkloznica.rs\/index.php\/wp-json\/wp\/v2\/pages\/232\/revisions"}],"predecessor-version":[{"id":1800,"href":"https:\/\/mrkloznica.rs\/index.php\/wp-json\/wp\/v2\/pages\/232\/revisions\/1800"}],"wp:featuredmedia":[{"embeddable":true,"href":"https:\/\/mrkloznica.rs\/index.php\/wp-json\/wp\/v2\/media\/1270"}],"wp:attachment":[{"href":"https:\/\/mrkloznica.rs\/index.php\/wp-json\/wp\/v2\/media?parent=232"}],"curies":[{"name":"wp","href":"https:\/\/api.w.org\/{rel}","templated":true}]}}