{"id":361,"date":"2026-01-22T13:00:13","date_gmt":"2026-01-22T13:00:13","guid":{"rendered":"https:\/\/mrkloznica.rs\/?page_id=361"},"modified":"2026-03-26T18:29:06","modified_gmt":"2026-03-26T18:29:06","slug":"sponzori-mrk-loznica","status":"publish","type":"page","link":"https:\/\/mrkloznica.rs\/index.php\/sponzori-mrk-loznica\/","title":{"rendered":"SPONZORI MRK Loznica"},"content":{"rendered":"\t\t<div data-elementor-type=\"wp-page\" data-elementor-id=\"361\" class=\"elementor elementor-361\" data-elementor-post-type=\"page\">\n\t\t\t\t<div class=\"elementor-element elementor-element-53caaf7 e-flex e-con-boxed e-con e-parent\" data-id=\"53caaf7\" data-element_type=\"container\" data-e-type=\"container\" data-settings=\"{&quot;background_background&quot;:&quot;classic&quot;,&quot;shape_divider_bottom&quot;:&quot;mountains&quot;}\">\n\t\t\t\t\t<div class=\"e-con-inner\">\n\t\t\t\t<div class=\"elementor-shape elementor-shape-bottom\" aria-hidden=\"true\" data-negative=\"false\">\n\t\t\t<svg xmlns=\"http:\/\/www.w3.org\/2000\/svg\" viewBox=\"0 0 1000 100\" preserveAspectRatio=\"none\">\n\t<path class=\"elementor-shape-fill\" opacity=\"0.33\" d=\"M473,67.3c-203.9,88.3-263.1-34-320.3,0C66,119.1,0,59.7,0,59.7V0h1000v59.7 c0,0-62.1,26.1-94.9,29.3c-32.8,3.3-62.8-12.3-75.8-22.1C806,49.6,745.3,8.7,694.9,4.7S492.4,59,473,67.3z\"\/>\n\t<path class=\"elementor-shape-fill\" opacity=\"0.66\" d=\"M734,67.3c-45.5,0-77.2-23.2-129.1-39.1c-28.6-8.7-150.3-10.1-254,39.1 s-91.7-34.4-149.2,0C115.7,118.3,0,39.8,0,39.8V0h1000v36.5c0,0-28.2-18.5-92.1-18.5C810.2,18.1,775.7,67.3,734,67.3z\"\/>\n\t<path class=\"elementor-shape-fill\" d=\"M766.1,28.9c-200-57.5-266,65.5-395.1,19.5C242,1.8,242,5.4,184.8,20.6C128,35.8,132.3,44.9,89.9,52.5C28.6,63.7,0,0,0,0 h1000c0,0-9.9,40.9-83.6,48.1S829.6,47,766.1,28.9z\"\/>\n<\/svg>\t\t<\/div>\n\t\t\t\t\t<\/div>\n\t\t\t\t<\/div>\n\t\t<div class=\"elementor-element elementor-element-c13e7ea e-flex e-con-boxed e-con e-parent\" data-id=\"c13e7ea\" data-element_type=\"container\" data-e-type=\"container\">\n\t\t\t\t\t<div class=\"e-con-inner\">\n\t\t\t\t<div class=\"elementor-element elementor-element-0346180 elementor-widget elementor-widget-text-editor\" data-id=\"0346180\" data-element_type=\"widget\" data-e-type=\"widget\" data-widget_type=\"text-editor.default\">\n\t\t\t\t\t\t\t\t\t<p>SPONZORI MRK \u201eLoznica\u201c<\/p>\t\t\t\t\t\t\t\t<\/div>\n\t\t\t\t\t<\/div>\n\t\t\t\t<\/div>\n\t\t<div class=\"elementor-element elementor-element-a6a0641 e-flex e-con-boxed e-con e-parent\" data-id=\"a6a0641\" data-element_type=\"container\" data-e-type=\"container\">\n\t\t\t\t\t<div class=\"e-con-inner\">\n\t\t\t\t<div class=\"elementor-element elementor-element-489ca3f elementor-widget elementor-widget-image\" data-id=\"489ca3f\" data-element_type=\"widget\" data-e-type=\"widget\" data-widget_type=\"image.default\">\n\t\t\t\t\t\t\t\t\t\t\t\t\t\t\t<img fetchpriority=\"high\" decoding=\"async\" width=\"2560\" height=\"1103\" src=\"https:\/\/mrkloznica.rs\/wp-content\/uploads\/2026\/03\/2026-290x125-rukometni-1-klub-loznica-pano-Mici-MRK-PRES-CENTAR-scaled.jpg\" class=\"attachment-full size-full wp-image-1667\" alt=\"\" srcset=\"https:\/\/mrkloznica.rs\/wp-content\/uploads\/2026\/03\/2026-290x125-rukometni-1-klub-loznica-pano-Mici-MRK-PRES-CENTAR-scaled.jpg 2560w, https:\/\/mrkloznica.rs\/wp-content\/uploads\/2026\/03\/2026-290x125-rukometni-1-klub-loznica-pano-Mici-MRK-PRES-CENTAR-300x129.jpg 300w, https:\/\/mrkloznica.rs\/wp-content\/uploads\/2026\/03\/2026-290x125-rukometni-1-klub-loznica-pano-Mici-MRK-PRES-CENTAR-1024x441.jpg 1024w, https:\/\/mrkloznica.rs\/wp-content\/uploads\/2026\/03\/2026-290x125-rukometni-1-klub-loznica-pano-Mici-MRK-PRES-CENTAR-768x331.jpg 768w, https:\/\/mrkloznica.rs\/wp-content\/uploads\/2026\/03\/2026-290x125-rukometni-1-klub-loznica-pano-Mici-MRK-PRES-CENTAR-1536x662.jpg 1536w, https:\/\/mrkloznica.rs\/wp-content\/uploads\/2026\/03\/2026-290x125-rukometni-1-klub-loznica-pano-Mici-MRK-PRES-CENTAR-2048x883.jpg 2048w\" sizes=\"(max-width: 2560px) 100vw, 2560px\" \/>\t\t\t\t\t\t\t\t\t\t\t\t\t\t\t<\/div>\n\t\t\t\t\t<\/div>\n\t\t\t\t<\/div>\n\t\t<div class=\"elementor-element elementor-element-2b135e0 e-con-full e-flex e-con e-parent\" data-id=\"2b135e0\" data-element_type=\"container\" data-e-type=\"container\">\n\t\t\t\t<div class=\"elementor-element elementor-element-275411a elementor-widget-divider--view-line_text elementor-widget-divider--element-align-center elementor-widget elementor-widget-divider\" data-id=\"275411a\" data-element_type=\"widget\" data-e-type=\"widget\" data-widget_type=\"divider.default\">\n\t\t\t\t\t\t\t<div class=\"elementor-divider\">\n\t\t\t<span class=\"elementor-divider-separator\">\n\t\t\t\t\t\t\t<span class=\"elementor-divider__text elementor-divider__element\">\n\t\t\t\tMRK LOZNICA\t\t\t\t<\/span>\n\t\t\t\t\t\t<\/span>\n\t\t<\/div>\n\t\t\t\t\t\t<\/div>\n\t\t\t\t<\/div>\n\t\t<div class=\"elementor-element elementor-element-62ca36f e-flex e-con-boxed e-con e-parent\" data-id=\"62ca36f\" data-element_type=\"container\" data-e-type=\"container\">\n\t\t\t\t\t<div class=\"e-con-inner\">\n\t\t<div class=\"elementor-element elementor-element-87a8e1d e-con-full e-flex e-con e-child\" data-id=\"87a8e1d\" data-element_type=\"container\" data-e-type=\"container\">\n\t\t\t\t<div class=\"elementor-element elementor-element-13c69bd elementor-widget elementor-widget-text-editor\" data-id=\"13c69bd\" data-element_type=\"widget\" data-e-type=\"widget\" data-widget_type=\"text-editor.default\">\n\t\t\t\t\t\t\t\t\t<p>Zlatni sponzori:<br \/>Zlatotisak<br \/>MB Elektrotehnika<br \/>Parmenion gradnja<br \/>M Dental Clinic<br \/>Royal Spa<br \/>VM Dent<br \/>Vila Safir<br \/>Nelly<br \/>Marteks<br \/>Dr Gaji\u0107<br \/>Filipovi\u0107 invest<br \/>Pekara Mihajlovi\u0107<br \/>Trio-gradnja<br \/>Pakom ambala\u017ea<br \/>Studio R<\/p>\t\t\t\t\t\t\t\t<\/div>\n\t\t\t\t<\/div>\n\t\t<div class=\"elementor-element elementor-element-fb723c3 e-con-full e-flex e-con e-child\" data-id=\"fb723c3\" data-element_type=\"container\" data-e-type=\"container\">\n\t\t\t\t<div class=\"elementor-element elementor-element-ac75282 elementor-widget elementor-widget-text-editor\" data-id=\"ac75282\" data-element_type=\"widget\" data-e-type=\"widget\" data-widget_type=\"text-editor.default\">\n\t\t\t\t\t\t\t\t\t<p>Srebrni sponzori:<br \/>Miltex<br \/>Zemljomer<br \/>Lin sistem<br \/>Poskok Men<br \/>Loznica &#8211; gas<br \/>Winer St\u00e4dtische osiguranje<br \/>Homerov zalogaj<br \/>Barbosa \/ Teo Teo fashion<\/p>\t\t\t\t\t\t\t\t<\/div>\n\t\t\t\t<\/div>\n\t\t<div class=\"elementor-element elementor-element-9cda910 e-con-full e-flex e-con e-child\" data-id=\"9cda910\" data-element_type=\"container\" data-e-type=\"container\">\n\t\t\t\t<div class=\"elementor-element elementor-element-27642cd elementor-widget elementor-widget-text-editor\" data-id=\"27642cd\" data-element_type=\"widget\" data-e-type=\"widget\" data-widget_type=\"text-editor.default\">\n\t\t\t\t\t\t\t\t\t<p>Bronzani sponzori:<br>Tom security &#8211; Loznica<br>Kafa Sale<br>Kafanica Jo\u0161 po jednu<br>DisDent dental lab<br>Voda Trono\u0161a<br>Capital Lux<br>Korzo<br>Vizantin<br>Restoran Contact<br>Podrinjski san<br>Hedera Vita<br>AS elektronik<br>Stakloreza\u010dka radnja Biber 015&nbsp;<br>\u0160pedicija Euro\u0161ped Komerc<br>Zdrava hrana&nbsp; Bio Gric<br>Caffe restaurant President<\/p>\t\t\t\t\t\t\t\t<\/div>\n\t\t\t\t<\/div>\n\t\t\t\t\t<\/div>\n\t\t\t\t<\/div>\n\t\t<div class=\"elementor-element elementor-element-3dec11c e-flex e-con-boxed e-con e-parent\" data-id=\"3dec11c\" data-element_type=\"container\" data-e-type=\"container\" data-settings=\"{&quot;background_background&quot;:&quot;classic&quot;}\">\n\t\t\t\t\t<div class=\"e-con-inner\">\n\t\t<div class=\"elementor-element elementor-element-eb21137 e-con-full e-flex e-con e-child\" data-id=\"eb21137\" data-element_type=\"container\" data-e-type=\"container\">\n\t\t\t\t<div class=\"elementor-element elementor-element-c61f082 elementor-widget elementor-widget-text-editor\" data-id=\"c61f082\" data-element_type=\"widget\" data-e-type=\"widget\" data-widget_type=\"text-editor.default\">\n\t\t\t\t\t\t\t\t\t<p>PODACI MRK LOZNICA<\/p>\t\t\t\t\t\t\t\t<\/div>\n\t\t\t\t<div class=\"elementor-element elementor-element-92c7617 elementor-widget elementor-widget-text-editor\" data-id=\"92c7617\" data-element_type=\"widget\" data-e-type=\"widget\" data-widget_type=\"text-editor.default\">\n\t\t\t\t\t\t\t\t\t<p>Mu\u0161ki rukometni klub &#8220;Loznica&#8221;<br \/>Milo\u0161a Pocerca 58, 15300 Loznica<br \/>UFK &#8220;Lagator&#8221;<br \/>PIB: 102740368<br \/>MB: 07330731<\/p>\t\t\t\t\t\t\t\t<\/div>\n\t\t\t\t<\/div>\n\t\t<div class=\"elementor-element elementor-element-b357e7c e-con-full e-flex e-con e-child\" data-id=\"b357e7c\" data-element_type=\"container\" data-e-type=\"container\">\n\t\t\t\t<div class=\"elementor-element elementor-element-d00937e elementor-widget elementor-widget-image\" data-id=\"d00937e\" data-element_type=\"widget\" data-e-type=\"widget\" data-widget_type=\"image.default\">\n\t\t\t\t\t\t\t\t\t\t\t\t\t\t\t<img decoding=\"async\" width=\"350\" height=\"391\" src=\"https:\/\/mrkloznica.rs\/wp-content\/uploads\/2025\/12\/logo-mrk-loznica-350-s.webp\" class=\"attachment-large size-large wp-image-123\" alt=\"\" srcset=\"https:\/\/mrkloznica.rs\/wp-content\/uploads\/2025\/12\/logo-mrk-loznica-350-s.webp 350w, https:\/\/mrkloznica.rs\/wp-content\/uploads\/2025\/12\/logo-mrk-loznica-350-s-269x300.webp 269w\" sizes=\"(max-width: 350px) 100vw, 350px\" \/>\t\t\t\t\t\t\t\t\t\t\t\t\t\t\t<\/div>\n\t\t\t\t<\/div>\n\t\t<div class=\"elementor-element elementor-element-6dcd092 e-con-full e-flex e-con e-child\" data-id=\"6dcd092\" data-element_type=\"container\" data-e-type=\"container\">\n\t\t\t\t<div class=\"elementor-element elementor-element-397c66e elementor-widget elementor-widget-text-editor\" data-id=\"397c66e\" data-element_type=\"widget\" data-e-type=\"widget\" data-widget_type=\"text-editor.default\">\n\t\t\t\t\t\t\t\t\t<p>KONTAKT MRK LOZNICA<\/p>\t\t\t\t\t\t\t\t<\/div>\n\t\t\t\t<div class=\"elementor-element elementor-element-ba1b9fd elementor-widget elementor-widget-text-editor\" data-id=\"ba1b9fd\" data-element_type=\"widget\" data-e-type=\"widget\" data-widget_type=\"text-editor.default\">\n\t\t\t\t\t\t\t\t\t<p>Sekretar kluba: Milan Obrenovi\u0107<br \/>Kontakt telefon: +381 63 209 782<br \/>rk.loznica10@gmail.com<br \/>mrkloznica@gmail.com<\/p>\t\t\t\t\t\t\t\t<\/div>\n\t\t\t\t<\/div>\n\t\t\t\t\t<\/div>\n\t\t\t\t<\/div>\n\t\t\t\t<\/div>\n\t\t","protected":false},"excerpt":{"rendered":"<p>SPONZORI MRK Loznica<\/p>\n","protected":false},"author":1,"featured_media":1307,"parent":0,"menu_order":0,"comment_status":"closed","ping_status":"closed","template":"","meta":{"footnotes":""},"class_list":["post-361","page","type-page","status-publish","has-post-thumbnail","hentry"],"blocksy_meta":{"has_hero_section":"disabled","styles_descriptor":{"styles":{"desktop":"","tablet":"","mobile":""},"google_fonts":[],"version":6}},"_links":{"self":[{"href":"https:\/\/mrkloznica.rs\/index.php\/wp-json\/wp\/v2\/pages\/361","targetHints":{"allow":["GET"]}}],"collection":[{"href":"https:\/\/mrkloznica.rs\/index.php\/wp-json\/wp\/v2\/pages"}],"about":[{"href":"https:\/\/mrkloznica.rs\/index.php\/wp-json\/wp\/v2\/types\/page"}],"author":[{"embeddable":true,"href":"https:\/\/mrkloznica.rs\/index.php\/wp-json\/wp\/v2\/users\/1"}],"replies":[{"embeddable":true,"href":"https:\/\/mrkloznica.rs\/index.php\/wp-json\/wp\/v2\/comments?post=361"}],"version-history":[{"count":5,"href":"https:\/\/mrkloznica.rs\/index.php\/wp-json\/wp\/v2\/pages\/361\/revisions"}],"predecessor-version":[{"id":1677,"href":"https:\/\/mrkloznica.rs\/index.php\/wp-json\/wp\/v2\/pages\/361\/revisions\/1677"}],"wp:featuredmedia":[{"embeddable":true,"href":"https:\/\/mrkloznica.rs\/index.php\/wp-json\/wp\/v2\/media\/1307"}],"wp:attachment":[{"href":"https:\/\/mrkloznica.rs\/index.php\/wp-json\/wp\/v2\/media?parent=361"}],"curies":[{"name":"wp","href":"https:\/\/api.w.org\/{rel}","templated":true}]}}