{"id":401,"date":"2026-01-22T16:55:04","date_gmt":"2026-01-22T16:55:04","guid":{"rendered":"https:\/\/mrkloznica.rs\/?page_id=401"},"modified":"2026-03-15T21:30:25","modified_gmt":"2026-03-15T21:30:25","slug":"mrk-loznica-2","status":"publish","type":"page","link":"https:\/\/mrkloznica.rs\/index.php\/mrk-loznica-2\/","title":{"rendered":"MRK Loznica &#8211; 2"},"content":{"rendered":"\t\t<div data-elementor-type=\"wp-page\" data-elementor-id=\"401\" class=\"elementor elementor-401\" data-elementor-post-type=\"page\">\n\t\t\t\t<div class=\"elementor-element elementor-element-53caaf7 e-flex e-con-boxed e-con e-parent\" data-id=\"53caaf7\" data-element_type=\"container\" data-e-type=\"container\" data-settings=\"{&quot;background_background&quot;:&quot;classic&quot;,&quot;shape_divider_bottom&quot;:&quot;mountains&quot;}\">\n\t\t\t\t\t<div class=\"e-con-inner\">\n\t\t\t\t<div class=\"elementor-shape elementor-shape-bottom\" aria-hidden=\"true\" data-negative=\"false\">\n\t\t\t<svg xmlns=\"http:\/\/www.w3.org\/2000\/svg\" viewBox=\"0 0 1000 100\" preserveAspectRatio=\"none\">\n\t<path class=\"elementor-shape-fill\" opacity=\"0.33\" d=\"M473,67.3c-203.9,88.3-263.1-34-320.3,0C66,119.1,0,59.7,0,59.7V0h1000v59.7 c0,0-62.1,26.1-94.9,29.3c-32.8,3.3-62.8-12.3-75.8-22.1C806,49.6,745.3,8.7,694.9,4.7S492.4,59,473,67.3z\"\/>\n\t<path class=\"elementor-shape-fill\" opacity=\"0.66\" d=\"M734,67.3c-45.5,0-77.2-23.2-129.1-39.1c-28.6-8.7-150.3-10.1-254,39.1 s-91.7-34.4-149.2,0C115.7,118.3,0,39.8,0,39.8V0h1000v36.5c0,0-28.2-18.5-92.1-18.5C810.2,18.1,775.7,67.3,734,67.3z\"\/>\n\t<path class=\"elementor-shape-fill\" d=\"M766.1,28.9c-200-57.5-266,65.5-395.1,19.5C242,1.8,242,5.4,184.8,20.6C128,35.8,132.3,44.9,89.9,52.5C28.6,63.7,0,0,0,0 h1000c0,0-9.9,40.9-83.6,48.1S829.6,47,766.1,28.9z\"\/>\n<\/svg>\t\t<\/div>\n\t\t\t\t\t<\/div>\n\t\t\t\t<\/div>\n\t\t<div class=\"elementor-element elementor-element-c13e7ea e-flex e-con-boxed e-con e-parent\" data-id=\"c13e7ea\" data-element_type=\"container\" data-e-type=\"container\">\n\t\t\t\t\t<div class=\"e-con-inner\">\n\t\t\t\t<div class=\"elementor-element elementor-element-0346180 elementor-widget elementor-widget-text-editor\" data-id=\"0346180\" data-element_type=\"widget\" data-e-type=\"widget\" data-widget_type=\"text-editor.default\">\n\t\t\t\t\t\t\t\t\t<p>MRK Loznica 2<\/p>\t\t\t\t\t\t\t\t<\/div>\n\t\t\t\t\t<\/div>\n\t\t\t\t<\/div>\n\t\t<div class=\"elementor-element elementor-element-2b135e0 e-con-full e-flex e-con e-parent\" data-id=\"2b135e0\" data-element_type=\"container\" data-e-type=\"container\">\n\t\t\t\t<div class=\"elementor-element elementor-element-e4c0f31 elementor-widget elementor-widget-text-editor\" data-id=\"e4c0f31\" data-element_type=\"widget\" data-e-type=\"widget\" data-widget_type=\"text-editor.default\">\n\t\t\t\t\t\t\t\t\t<div id=\":18q\" class=\"ii gt adO\"><div id=\":155\" class=\"a3s aiL\"><div id=\"avWBGd-1509\"><div dir=\"auto\"><div dir=\"auto\"><div id=\":1fb\" class=\"ii gt adO\"><div id=\":1fa\" class=\"a3s aiL\"><div id=\"avWBGd-1604\"><div dir=\"auto\">Na ovoj stranici mo\u017eete pro\u010ditati o MRK LOZNICA 2, te videti sastav igra\u010da.<\/div><div dir=\"auto\">MRK Loznica 2 , takmi\u010di se u Drugoj rukometnoj ligi &#8211; Zapad.<\/div><\/div><\/div><\/div><div id=\":16k\" class=\"hq gt\">\u00a0<\/div><\/div><\/div><\/div><\/div><\/div>\t\t\t\t\t\t\t\t<\/div>\n\t\t\t\t<div class=\"elementor-element elementor-element-275411a elementor-widget-divider--view-line_text elementor-widget-divider--element-align-center elementor-widget elementor-widget-divider\" data-id=\"275411a\" data-element_type=\"widget\" data-e-type=\"widget\" data-widget_type=\"divider.default\">\n\t\t\t\t\t\t\t<div class=\"elementor-divider\">\n\t\t\t<span class=\"elementor-divider-separator\">\n\t\t\t\t\t\t\t<span class=\"elementor-divider__text elementor-divider__element\">\n\t\t\t\tMRK LOZNICA\t\t\t\t<\/span>\n\t\t\t\t\t\t<\/span>\n\t\t<\/div>\n\t\t\t\t\t\t<\/div>\n\t\t\t\t<\/div>\n\t\t<div class=\"elementor-element elementor-element-9e30040 e-flex e-con-boxed e-con e-parent\" data-id=\"9e30040\" data-element_type=\"container\" data-e-type=\"container\">\n\t\t\t\t\t<div class=\"e-con-inner\">\n\t\t<div class=\"elementor-element elementor-element-30455a1 e-con-full e-flex e-con e-child\" data-id=\"30455a1\" data-element_type=\"container\" data-e-type=\"container\" data-settings=\"{&quot;background_background&quot;:&quot;classic&quot;}\">\n\t\t\t\t<div class=\"elementor-element elementor-element-1158048 elementor-widget__width-inherit elementor-widget elementor-widget-text-editor\" data-id=\"1158048\" data-element_type=\"widget\" data-e-type=\"widget\" data-widget_type=\"text-editor.default\">\n\t\t\t\t\t\t\t\t\t<table width=\"633\"><tbody><tr><td width=\"37\"><p>RB<\/p><\/td><td width=\"444\"><p>IME I PREZIME<\/p><\/td><td width=\"151\"><p>POZICIJA<\/p><\/td><\/tr><tr><td width=\"37\"><p>01.<\/p><\/td><td width=\"444\">Milo\u0161 Sekuli\u0107<\/td><td width=\"151\">\u00a0golman<\/td><\/tr><tr><td width=\"37\"><p>02.<\/p><\/td><td width=\"444\">Kristijan Gaji\u0107<\/td><td width=\"151\">\u00a0golman<\/td><\/tr><tr><td width=\"37\"><p>03.<\/p><\/td><td width=\"444\">Bojan Todori\u0107<\/td><td width=\"151\">\u00a0levo krilo<\/td><\/tr><tr><td width=\"37\"><p>04.<\/p><\/td><td width=\"444\">\u0110or\u0111e Petrovi\u0107\u00a0<\/td><td width=\"151\">\u00a0levo krilo<\/td><\/tr><tr><td width=\"37\"><p>05.<\/p><\/td><td width=\"444\">Sr\u0111an Petrovi\u0107<\/td><td width=\"151\">\u00a0levo krilo<\/td><\/tr><tr><td width=\"37\"><p>06.<\/p><\/td><td width=\"444\">Andrej Savi\u0107<\/td><td width=\"151\">\u00a0levo krilo<\/td><\/tr><tr><td width=\"37\"><p>07.<\/p><\/td><td width=\"444\">David Jevti\u0107<\/td><td width=\"151\">\u00a0levi bek<\/td><\/tr><tr><td width=\"37\"><p>08.<\/p><\/td><td width=\"444\">Pavle Dukojevi\u0107<\/td><td width=\"151\">\u00a0levi bek &#8211; kapiten<\/td><\/tr><tr><td width=\"37\"><p>09.<\/p><\/td><td width=\"444\">Marko Vasi\u0107<\/td><td width=\"151\">\u00a0levi bek<\/td><\/tr><tr><td width=\"37\"><p>10.<\/p><\/td><td width=\"444\">Stefan Rajevi\u0107<\/td><td width=\"151\">\u00a0srednji bek<\/td><\/tr><tr><td width=\"37\"><p>11.<\/p><\/td><td width=\"444\">\u00a0Vasilije Kuki\u0107<\/td><td width=\"151\">\u00a0srednji bek<\/td><\/tr><tr><td width=\"37\"><p>12.<\/p><\/td><td width=\"444\">\u00a0Pavle Kapor<\/td><td width=\"151\">\u00a0desni bek<\/td><\/tr><tr><td width=\"37\"><p>13.<\/p><\/td><td width=\"444\">\u00a0Milo\u0161 Petrovi\u0107<\/td><td width=\"151\">\u00a0desno krilo<\/td><\/tr><tr><td width=\"37\"><p>14.<\/p><\/td><td width=\"444\">\u00a0Pavle Luki\u0107<\/td><td width=\"151\">\u00a0pivot<\/td><\/tr><tr><td width=\"37\"><p>15.<\/p><\/td><td width=\"444\">\u00a0Miodrag Laki\u0107<\/td><td width=\"151\">\u00a0pivot<\/td><\/tr><tr><td width=\"37\"><p>16.<\/p><\/td><td width=\"444\">\u00a0Stefan Dragi\u0107evi\u0107<\/td><td width=\"151\">\u00a0pivot<\/td><\/tr><tr><td width=\"37\">\u00a0<\/td><td width=\"444\">\u00a0<\/td><td width=\"151\">\u00a0<\/td><\/tr><tr><td width=\"37\">\u00a0<\/td><td width=\"444\">\u00a0<\/td><td width=\"151\">\u00a0<\/td><\/tr><tr><td width=\"37\">\u00a0<\/td><td width=\"444\">\u00a0<\/td><td width=\"151\">\u00a0<\/td><\/tr><tr><td width=\"37\">\u00a0<\/td><td width=\"444\">\u00a0<\/td><td width=\"151\">\u00a0<\/td><\/tr><\/tbody><\/table>\t\t\t\t\t\t\t\t<\/div>\n\t\t\t\t<\/div>\n\t\t\t\t\t<\/div>\n\t\t\t\t<\/div>\n\t\t<div class=\"elementor-element elementor-element-3dec11c e-flex e-con-boxed e-con e-parent\" data-id=\"3dec11c\" data-element_type=\"container\" data-e-type=\"container\" data-settings=\"{&quot;background_background&quot;:&quot;classic&quot;}\">\n\t\t\t\t\t<div class=\"e-con-inner\">\n\t\t<div class=\"elementor-element elementor-element-eb21137 e-con-full e-flex e-con e-child\" data-id=\"eb21137\" data-element_type=\"container\" data-e-type=\"container\">\n\t\t\t\t<div class=\"elementor-element elementor-element-c61f082 elementor-widget elementor-widget-text-editor\" data-id=\"c61f082\" data-element_type=\"widget\" data-e-type=\"widget\" data-widget_type=\"text-editor.default\">\n\t\t\t\t\t\t\t\t\t<p>PODACI MRK LOZNICA<\/p>\t\t\t\t\t\t\t\t<\/div>\n\t\t\t\t<div class=\"elementor-element elementor-element-92c7617 elementor-widget elementor-widget-text-editor\" data-id=\"92c7617\" data-element_type=\"widget\" data-e-type=\"widget\" data-widget_type=\"text-editor.default\">\n\t\t\t\t\t\t\t\t\t<p>Mu\u0161ki rukometni klub &#8220;Loznica&#8221;<br \/>Milo\u0161a Pocerca 58, 15300 Loznica<br \/>UFK &#8220;Lagator&#8221;<br \/>PIB: 102740368<br \/>MB: 07330731<\/p>\t\t\t\t\t\t\t\t<\/div>\n\t\t\t\t<\/div>\n\t\t<div class=\"elementor-element elementor-element-b357e7c e-con-full e-flex e-con e-child\" data-id=\"b357e7c\" data-element_type=\"container\" data-e-type=\"container\">\n\t\t\t\t<div class=\"elementor-element elementor-element-d00937e elementor-widget elementor-widget-image\" data-id=\"d00937e\" data-element_type=\"widget\" data-e-type=\"widget\" data-widget_type=\"image.default\">\n\t\t\t\t\t\t\t\t\t\t\t\t\t\t\t<img fetchpriority=\"high\" decoding=\"async\" width=\"350\" height=\"391\" src=\"https:\/\/mrkloznica.rs\/wp-content\/uploads\/2025\/12\/logo-mrk-loznica-350-s.webp\" class=\"attachment-large size-large wp-image-123\" alt=\"\" srcset=\"https:\/\/mrkloznica.rs\/wp-content\/uploads\/2025\/12\/logo-mrk-loznica-350-s.webp 350w, https:\/\/mrkloznica.rs\/wp-content\/uploads\/2025\/12\/logo-mrk-loznica-350-s-269x300.webp 269w\" sizes=\"(max-width: 350px) 100vw, 350px\" \/>\t\t\t\t\t\t\t\t\t\t\t\t\t\t\t<\/div>\n\t\t\t\t<\/div>\n\t\t<div class=\"elementor-element elementor-element-6dcd092 e-con-full e-flex e-con e-child\" data-id=\"6dcd092\" data-element_type=\"container\" data-e-type=\"container\">\n\t\t\t\t<div class=\"elementor-element elementor-element-397c66e elementor-widget elementor-widget-text-editor\" data-id=\"397c66e\" data-element_type=\"widget\" data-e-type=\"widget\" data-widget_type=\"text-editor.default\">\n\t\t\t\t\t\t\t\t\t<p>KONTAKT MRK LOZNICA<\/p>\t\t\t\t\t\t\t\t<\/div>\n\t\t\t\t<div class=\"elementor-element elementor-element-ba1b9fd elementor-widget elementor-widget-text-editor\" data-id=\"ba1b9fd\" data-element_type=\"widget\" data-e-type=\"widget\" data-widget_type=\"text-editor.default\">\n\t\t\t\t\t\t\t\t\t<p>Sekretar kluba: Milan Obrenovi\u0107<br \/>Kontakt telefon: +381 63 209 782<br \/>rk.loznica10@gmail.com<br \/>mrkloznica@gmail.com<\/p>\t\t\t\t\t\t\t\t<\/div>\n\t\t\t\t<\/div>\n\t\t\t\t\t<\/div>\n\t\t\t\t<\/div>\n\t\t\t\t<\/div>\n\t\t","protected":false},"excerpt":{"rendered":"<p>Stranica o MRK LOZNICA 2, te videti sastav igra\u010da. MRK Loznica 2 , takmi\u010di se u Drugoj rukometnoj ligi \u2013 Zapad.<\/p>\n","protected":false},"author":1,"featured_media":1299,"parent":0,"menu_order":0,"comment_status":"closed","ping_status":"closed","template":"","meta":{"footnotes":""},"class_list":["post-401","page","type-page","status-publish","has-post-thumbnail","hentry"],"blocksy_meta":{"has_hero_section":"disabled","styles_descriptor":{"styles":{"desktop":"","tablet":"","mobile":""},"google_fonts":[],"version":6}},"_links":{"self":[{"href":"https:\/\/mrkloznica.rs\/index.php\/wp-json\/wp\/v2\/pages\/401","targetHints":{"allow":["GET"]}}],"collection":[{"href":"https:\/\/mrkloznica.rs\/index.php\/wp-json\/wp\/v2\/pages"}],"about":[{"href":"https:\/\/mrkloznica.rs\/index.php\/wp-json\/wp\/v2\/types\/page"}],"author":[{"embeddable":true,"href":"https:\/\/mrkloznica.rs\/index.php\/wp-json\/wp\/v2\/users\/1"}],"replies":[{"embeddable":true,"href":"https:\/\/mrkloznica.rs\/index.php\/wp-json\/wp\/v2\/comments?post=401"}],"version-history":[{"count":5,"href":"https:\/\/mrkloznica.rs\/index.php\/wp-json\/wp\/v2\/pages\/401\/revisions"}],"predecessor-version":[{"id":1575,"href":"https:\/\/mrkloznica.rs\/index.php\/wp-json\/wp\/v2\/pages\/401\/revisions\/1575"}],"wp:featuredmedia":[{"embeddable":true,"href":"https:\/\/mrkloznica.rs\/index.php\/wp-json\/wp\/v2\/media\/1299"}],"wp:attachment":[{"href":"https:\/\/mrkloznica.rs\/index.php\/wp-json\/wp\/v2\/media?parent=401"}],"curies":[{"name":"wp","href":"https:\/\/api.w.org\/{rel}","templated":true}]}}