{"id":594,"date":"2026-02-02T17:19:38","date_gmt":"2026-02-02T17:19:38","guid":{"rendered":"https:\/\/mrkloznica.rs\/?page_id=594"},"modified":"2026-03-02T07:07:55","modified_gmt":"2026-03-02T07:07:55","slug":"mrk-loznica-mlade-kategorije","status":"publish","type":"page","link":"https:\/\/mrkloznica.rs\/index.php\/mrk-loznica-mlade-kategorije\/","title":{"rendered":"MRK Loznica &#8211; mla\u0111e kategorije"},"content":{"rendered":"\t\t<div data-elementor-type=\"wp-page\" data-elementor-id=\"594\" class=\"elementor elementor-594\" data-elementor-post-type=\"page\">\n\t\t\t\t<div class=\"elementor-element elementor-element-53caaf7 e-flex e-con-boxed e-con e-parent\" data-id=\"53caaf7\" data-element_type=\"container\" data-e-type=\"container\" data-settings=\"{&quot;background_background&quot;:&quot;classic&quot;,&quot;shape_divider_bottom&quot;:&quot;mountains&quot;}\">\n\t\t\t\t\t<div class=\"e-con-inner\">\n\t\t\t\t<div class=\"elementor-shape elementor-shape-bottom\" aria-hidden=\"true\" data-negative=\"false\">\n\t\t\t<svg xmlns=\"http:\/\/www.w3.org\/2000\/svg\" viewBox=\"0 0 1000 100\" preserveAspectRatio=\"none\">\n\t<path class=\"elementor-shape-fill\" opacity=\"0.33\" d=\"M473,67.3c-203.9,88.3-263.1-34-320.3,0C66,119.1,0,59.7,0,59.7V0h1000v59.7 c0,0-62.1,26.1-94.9,29.3c-32.8,3.3-62.8-12.3-75.8-22.1C806,49.6,745.3,8.7,694.9,4.7S492.4,59,473,67.3z\"\/>\n\t<path class=\"elementor-shape-fill\" opacity=\"0.66\" d=\"M734,67.3c-45.5,0-77.2-23.2-129.1-39.1c-28.6-8.7-150.3-10.1-254,39.1 s-91.7-34.4-149.2,0C115.7,118.3,0,39.8,0,39.8V0h1000v36.5c0,0-28.2-18.5-92.1-18.5C810.2,18.1,775.7,67.3,734,67.3z\"\/>\n\t<path class=\"elementor-shape-fill\" d=\"M766.1,28.9c-200-57.5-266,65.5-395.1,19.5C242,1.8,242,5.4,184.8,20.6C128,35.8,132.3,44.9,89.9,52.5C28.6,63.7,0,0,0,0 h1000c0,0-9.9,40.9-83.6,48.1S829.6,47,766.1,28.9z\"\/>\n<\/svg>\t\t<\/div>\n\t\t\t\t<div class=\"elementor-element elementor-element-3b2cb0d animated-slow elementor-invisible elementor-widget elementor-widget-text-editor\" data-id=\"3b2cb0d\" data-element_type=\"widget\" data-e-type=\"widget\" data-settings=\"{&quot;_animation&quot;:&quot;fadeIn&quot;,&quot;_animation_delay&quot;:900}\" data-widget_type=\"text-editor.default\">\n\t\t\t\t\t\t\t\t\t<p>MRK LOZNICA MLA\u0110E KATEGORIJE<\/p>\t\t\t\t\t\t\t\t<\/div>\n\t\t\t\t\t<\/div>\n\t\t\t\t<\/div>\n\t\t<div class=\"elementor-element elementor-element-c13e7ea e-flex e-con-boxed e-con e-parent\" data-id=\"c13e7ea\" data-element_type=\"container\" data-e-type=\"container\">\n\t\t\t\t\t<div class=\"e-con-inner\">\n\t\t\t\t<div class=\"elementor-element elementor-element-0346180 elementor-widget elementor-widget-text-editor\" data-id=\"0346180\" data-element_type=\"widget\" data-e-type=\"widget\" data-widget_type=\"text-editor.default\">\n\t\t\t\t\t\t\t\t\t<p>MRK \u201eLoznica\u201c Mla\u0111e kategorije<\/p>\t\t\t\t\t\t\t\t<\/div>\n\t\t\t\t\t<\/div>\n\t\t\t\t<\/div>\n\t\t<div class=\"elementor-element elementor-element-69cccbc e-flex e-con-boxed e-con e-parent\" data-id=\"69cccbc\" data-element_type=\"container\" data-e-type=\"container\">\n\t\t\t\t\t<div class=\"e-con-inner\">\n\t\t\t\t<div class=\"elementor-element elementor-element-28981ce elementor-widget elementor-widget-text-editor\" data-id=\"28981ce\" data-element_type=\"widget\" data-e-type=\"widget\" data-widget_type=\"text-editor.default\">\n\t\t\t\t\t\t\t\t\t<p>Najmla\u0111i rukometa\u0161i, do 11 godina, takmi\u010de se u mini ligi koju organizuje Rukometni Savez Grada Loznice. Ekipa 2013. godi\u0161te, takmi\u010dila se u ligi LMK RSCS KiM M -12, gde je zauzela prvo mesto i plasirala se u LMK M-12 Super Ligu.<\/p>\t\t\t\t\t\t\t\t<\/div>\n\t\t\t\t\t<\/div>\n\t\t\t\t<\/div>\n\t\t<div class=\"elementor-element elementor-element-c1a6a9c e-flex e-con-boxed e-con e-parent\" data-id=\"c1a6a9c\" data-element_type=\"container\" data-e-type=\"container\">\n\t\t\t\t\t<div class=\"e-con-inner\">\n\t\t\t\t<div class=\"elementor-element elementor-element-8cba8ab elementor-widget elementor-widget-gallery\" data-id=\"8cba8ab\" data-element_type=\"widget\" data-e-type=\"widget\" data-settings=\"{&quot;columns&quot;:5,&quot;columns_tablet&quot;:3,&quot;columns_mobile&quot;:2,&quot;lazyload&quot;:&quot;yes&quot;,&quot;gallery_layout&quot;:&quot;grid&quot;,&quot;gap&quot;:{&quot;unit&quot;:&quot;px&quot;,&quot;size&quot;:10,&quot;sizes&quot;:[]},&quot;gap_tablet&quot;:{&quot;unit&quot;:&quot;px&quot;,&quot;size&quot;:10,&quot;sizes&quot;:[]},&quot;gap_mobile&quot;:{&quot;unit&quot;:&quot;px&quot;,&quot;size&quot;:10,&quot;sizes&quot;:[]},&quot;link_to&quot;:&quot;file&quot;,&quot;aspect_ratio&quot;:&quot;3:2&quot;,&quot;overlay_background&quot;:&quot;yes&quot;,&quot;content_hover_animation&quot;:&quot;fade-in&quot;}\" data-widget_type=\"gallery.default\">\n\t\t\t\t\t\t\t<div class=\"elementor-gallery__container\">\n\t\t\t\t\t\t\t<a class=\"e-gallery-item elementor-gallery-item elementor-animated-content\" href=\"https:\/\/mrkloznica.rs\/wp-content\/uploads\/2026\/02\/img-124434723de0dc2830c27f5501e87970-v-6980dd7139144.webp\" data-elementor-open-lightbox=\"yes\" data-elementor-lightbox-slideshow=\"8cba8ab\" data-elementor-lightbox-title=\"img-124434723de0dc2830c27f5501e87970-v-6980dd7139144\" data-e-action-hash=\"#elementor-action%3Aaction%3Dlightbox%26settings%3DeyJpZCI6NjA3LCJ1cmwiOiJodHRwczpcL1wvbXJrbG96bmljYS5yc1wvd3AtY29udGVudFwvdXBsb2Fkc1wvMjAyNlwvMDJcL2ltZy0xMjQ0MzQ3MjNkZTBkYzI4MzBjMjdmNTUwMWU4Nzk3MC12LTY5ODBkZDcxMzkxNDQud2VicCIsInNsaWRlc2hvdyI6IjhjYmE4YWIifQ%3D%3D\">\n\t\t\t\t\t<div class=\"e-gallery-image elementor-gallery-item__image\" data-thumbnail=\"https:\/\/mrkloznica.rs\/wp-content\/uploads\/2026\/02\/img-124434723de0dc2830c27f5501e87970-v-6980dd7139144-261x300.webp\" data-width=\"261\" data-height=\"300\" aria-label=\"\" role=\"img\" ><\/div>\n\t\t\t\t\t\t\t\t\t\t\t<div class=\"elementor-gallery-item__overlay\"><\/div>\n\t\t\t\t\t\t\t\t\t\t\t\t\t\t<\/a>\n\t\t\t\t\t\t\t<a class=\"e-gallery-item elementor-gallery-item elementor-animated-content\" href=\"https:\/\/mrkloznica.rs\/wp-content\/uploads\/2026\/02\/img-c1049fc468ecbb2b1c46fd7ba5cd23c5-v-6980dd71d2bbe.webp\" data-elementor-open-lightbox=\"yes\" data-elementor-lightbox-slideshow=\"8cba8ab\" data-elementor-lightbox-title=\"img-c1049fc468ecbb2b1c46fd7ba5cd23c5-v-6980dd71d2bbe\" data-e-action-hash=\"#elementor-action%3Aaction%3Dlightbox%26settings%3DeyJpZCI6NjA5LCJ1cmwiOiJodHRwczpcL1wvbXJrbG96bmljYS5yc1wvd3AtY29udGVudFwvdXBsb2Fkc1wvMjAyNlwvMDJcL2ltZy1jMTA0OWZjNDY4ZWNiYjJiMWM0NmZkN2JhNWNkMjNjNS12LTY5ODBkZDcxZDJiYmUud2VicCIsInNsaWRlc2hvdyI6IjhjYmE4YWIifQ%3D%3D\">\n\t\t\t\t\t<div class=\"e-gallery-image elementor-gallery-item__image\" data-thumbnail=\"https:\/\/mrkloznica.rs\/wp-content\/uploads\/2026\/02\/img-c1049fc468ecbb2b1c46fd7ba5cd23c5-v-6980dd71d2bbe-300x225.webp\" data-width=\"300\" data-height=\"225\" aria-label=\"\" role=\"img\" ><\/div>\n\t\t\t\t\t\t\t\t\t\t\t<div class=\"elementor-gallery-item__overlay\"><\/div>\n\t\t\t\t\t\t\t\t\t\t\t\t\t\t<\/a>\n\t\t\t\t\t\t\t<a class=\"e-gallery-item elementor-gallery-item elementor-animated-content\" href=\"https:\/\/mrkloznica.rs\/wp-content\/uploads\/2026\/02\/bly-8734-6980dd6f6ea91.webp\" data-elementor-open-lightbox=\"yes\" data-elementor-lightbox-slideshow=\"8cba8ab\" data-elementor-lightbox-title=\"bly-8734-6980dd6f6ea91\" data-e-action-hash=\"#elementor-action%3Aaction%3Dlightbox%26settings%3DeyJpZCI6NjAyLCJ1cmwiOiJodHRwczpcL1wvbXJrbG96bmljYS5yc1wvd3AtY29udGVudFwvdXBsb2Fkc1wvMjAyNlwvMDJcL2JseS04NzM0LTY5ODBkZDZmNmVhOTEud2VicCIsInNsaWRlc2hvdyI6IjhjYmE4YWIifQ%3D%3D\">\n\t\t\t\t\t<div class=\"e-gallery-image elementor-gallery-item__image\" data-thumbnail=\"https:\/\/mrkloznica.rs\/wp-content\/uploads\/2026\/02\/bly-8734-6980dd6f6ea91-300x262.webp\" data-width=\"300\" data-height=\"262\" aria-label=\"\" role=\"img\" ><\/div>\n\t\t\t\t\t\t\t\t\t\t\t<div class=\"elementor-gallery-item__overlay\"><\/div>\n\t\t\t\t\t\t\t\t\t\t\t\t\t\t<\/a>\n\t\t\t\t\t\t\t<a class=\"e-gallery-item elementor-gallery-item elementor-animated-content\" href=\"https:\/\/mrkloznica.rs\/wp-content\/uploads\/2026\/02\/img-d756b863799f49d466fb2c476a570052-v-6980dd71dad14.webp\" data-elementor-open-lightbox=\"yes\" data-elementor-lightbox-slideshow=\"8cba8ab\" data-elementor-lightbox-title=\"img-d756b863799f49d466fb2c476a570052-v-6980dd71dad14\" data-e-action-hash=\"#elementor-action%3Aaction%3Dlightbox%26settings%3DeyJpZCI6NjEwLCJ1cmwiOiJodHRwczpcL1wvbXJrbG96bmljYS5yc1wvd3AtY29udGVudFwvdXBsb2Fkc1wvMjAyNlwvMDJcL2ltZy1kNzU2Yjg2Mzc5OWY0OWQ0NjZmYjJjNDc2YTU3MDA1Mi12LTY5ODBkZDcxZGFkMTQud2VicCIsInNsaWRlc2hvdyI6IjhjYmE4YWIifQ%3D%3D\">\n\t\t\t\t\t<div class=\"e-gallery-image elementor-gallery-item__image\" data-thumbnail=\"https:\/\/mrkloznica.rs\/wp-content\/uploads\/2026\/02\/img-d756b863799f49d466fb2c476a570052-v-6980dd71dad14-300x225.webp\" data-width=\"300\" data-height=\"225\" aria-label=\"\" role=\"img\" ><\/div>\n\t\t\t\t\t\t\t\t\t\t\t<div class=\"elementor-gallery-item__overlay\"><\/div>\n\t\t\t\t\t\t\t\t\t\t\t\t\t\t<\/a>\n\t\t\t\t\t\t\t<a class=\"e-gallery-item elementor-gallery-item elementor-animated-content\" href=\"https:\/\/mrkloznica.rs\/wp-content\/uploads\/2026\/02\/bly-8726-6980dd6c63fdb.webp\" data-elementor-open-lightbox=\"yes\" data-elementor-lightbox-slideshow=\"8cba8ab\" data-elementor-lightbox-title=\"bly-8726-6980dd6c63fdb\" data-e-action-hash=\"#elementor-action%3Aaction%3Dlightbox%26settings%3DeyJpZCI6NTk5LCJ1cmwiOiJodHRwczpcL1wvbXJrbG96bmljYS5yc1wvd3AtY29udGVudFwvdXBsb2Fkc1wvMjAyNlwvMDJcL2JseS04NzI2LTY5ODBkZDZjNjNmZGIud2VicCIsInNsaWRlc2hvdyI6IjhjYmE4YWIifQ%3D%3D\">\n\t\t\t\t\t<div class=\"e-gallery-image elementor-gallery-item__image\" data-thumbnail=\"https:\/\/mrkloznica.rs\/wp-content\/uploads\/2026\/02\/bly-8726-6980dd6c63fdb-288x300.webp\" data-width=\"288\" data-height=\"300\" aria-label=\"\" role=\"img\" ><\/div>\n\t\t\t\t\t\t\t\t\t\t\t<div class=\"elementor-gallery-item__overlay\"><\/div>\n\t\t\t\t\t\t\t\t\t\t\t\t\t\t<\/a>\n\t\t\t\t\t\t\t<a class=\"e-gallery-item elementor-gallery-item elementor-animated-content\" href=\"https:\/\/mrkloznica.rs\/wp-content\/uploads\/2026\/02\/img-b719dc737d3cbbd1f4a9db26cbafbe1d-v-6980dd7148cee.webp\" data-elementor-open-lightbox=\"yes\" data-elementor-lightbox-slideshow=\"8cba8ab\" data-elementor-lightbox-title=\"img-b719dc737d3cbbd1f4a9db26cbafbe1d-v-6980dd7148cee\" data-e-action-hash=\"#elementor-action%3Aaction%3Dlightbox%26settings%3DeyJpZCI6NjA4LCJ1cmwiOiJodHRwczpcL1wvbXJrbG96bmljYS5yc1wvd3AtY29udGVudFwvdXBsb2Fkc1wvMjAyNlwvMDJcL2ltZy1iNzE5ZGM3MzdkM2NiYmQxZjRhOWRiMjZjYmFmYmUxZC12LTY5ODBkZDcxNDhjZWUud2VicCIsInNsaWRlc2hvdyI6IjhjYmE4YWIifQ%3D%3D\">\n\t\t\t\t\t<div class=\"e-gallery-image elementor-gallery-item__image\" data-thumbnail=\"https:\/\/mrkloznica.rs\/wp-content\/uploads\/2026\/02\/img-b719dc737d3cbbd1f4a9db26cbafbe1d-v-6980dd7148cee-300x262.webp\" data-width=\"300\" data-height=\"262\" aria-label=\"\" role=\"img\" ><\/div>\n\t\t\t\t\t\t\t\t\t\t\t<div class=\"elementor-gallery-item__overlay\"><\/div>\n\t\t\t\t\t\t\t\t\t\t\t\t\t\t<\/a>\n\t\t\t\t\t\t\t<a class=\"e-gallery-item elementor-gallery-item elementor-animated-content\" href=\"https:\/\/mrkloznica.rs\/wp-content\/uploads\/2026\/02\/img-fb49448c744f6924a86abe9a40b28623-v-6980dd7272702.webp\" data-elementor-open-lightbox=\"yes\" data-elementor-lightbox-slideshow=\"8cba8ab\" data-elementor-lightbox-title=\"img-fb49448c744f6924a86abe9a40b28623-v-6980dd7272702\" data-e-action-hash=\"#elementor-action%3Aaction%3Dlightbox%26settings%3DeyJpZCI6NjEyLCJ1cmwiOiJodHRwczpcL1wvbXJrbG96bmljYS5yc1wvd3AtY29udGVudFwvdXBsb2Fkc1wvMjAyNlwvMDJcL2ltZy1mYjQ5NDQ4Yzc0NGY2OTI0YTg2YWJlOWE0MGIyODYyMy12LTY5ODBkZDcyNzI3MDIud2VicCIsInNsaWRlc2hvdyI6IjhjYmE4YWIifQ%3D%3D\">\n\t\t\t\t\t<div class=\"e-gallery-image elementor-gallery-item__image\" data-thumbnail=\"https:\/\/mrkloznica.rs\/wp-content\/uploads\/2026\/02\/img-fb49448c744f6924a86abe9a40b28623-v-6980dd7272702-300x300.webp\" data-width=\"300\" data-height=\"300\" aria-label=\"\" role=\"img\" ><\/div>\n\t\t\t\t\t\t\t\t\t\t\t<div class=\"elementor-gallery-item__overlay\"><\/div>\n\t\t\t\t\t\t\t\t\t\t\t\t\t\t<\/a>\n\t\t\t\t\t\t\t<a class=\"e-gallery-item elementor-gallery-item elementor-animated-content\" href=\"https:\/\/mrkloznica.rs\/wp-content\/uploads\/2026\/02\/img-fa83f5ece3ce93f4120b80aaf6b32287-v-6980dd726942c.webp\" data-elementor-open-lightbox=\"yes\" data-elementor-lightbox-slideshow=\"8cba8ab\" data-elementor-lightbox-title=\"img-fa83f5ece3ce93f4120b80aaf6b32287-v-6980dd726942c\" data-e-action-hash=\"#elementor-action%3Aaction%3Dlightbox%26settings%3DeyJpZCI6NjExLCJ1cmwiOiJodHRwczpcL1wvbXJrbG96bmljYS5yc1wvd3AtY29udGVudFwvdXBsb2Fkc1wvMjAyNlwvMDJcL2ltZy1mYTgzZjVlY2UzY2U5M2Y0MTIwYjgwYWFmNmIzMjI4Ny12LTY5ODBkZDcyNjk0MmMud2VicCIsInNsaWRlc2hvdyI6IjhjYmE4YWIifQ%3D%3D\">\n\t\t\t\t\t<div class=\"e-gallery-image elementor-gallery-item__image\" data-thumbnail=\"https:\/\/mrkloznica.rs\/wp-content\/uploads\/2026\/02\/img-fa83f5ece3ce93f4120b80aaf6b32287-v-6980dd726942c-300x225.webp\" data-width=\"300\" data-height=\"225\" aria-label=\"\" role=\"img\" ><\/div>\n\t\t\t\t\t\t\t\t\t\t\t<div class=\"elementor-gallery-item__overlay\"><\/div>\n\t\t\t\t\t\t\t\t\t\t\t\t\t\t<\/a>\n\t\t\t\t\t\t\t<a class=\"e-gallery-item elementor-gallery-item elementor-animated-content\" href=\"https:\/\/mrkloznica.rs\/wp-content\/uploads\/2026\/02\/bly-8725-6980dd6cef9b1.webp\" data-elementor-open-lightbox=\"yes\" data-elementor-lightbox-slideshow=\"8cba8ab\" data-elementor-lightbox-title=\"bly-8725-6980dd6cef9b1\" data-e-action-hash=\"#elementor-action%3Aaction%3Dlightbox%26settings%3DeyJpZCI6NTk3LCJ1cmwiOiJodHRwczpcL1wvbXJrbG96bmljYS5yc1wvd3AtY29udGVudFwvdXBsb2Fkc1wvMjAyNlwvMDJcL2JseS04NzI1LTY5ODBkZDZjZWY5YjEud2VicCIsInNsaWRlc2hvdyI6IjhjYmE4YWIifQ%3D%3D\">\n\t\t\t\t\t<div class=\"e-gallery-image elementor-gallery-item__image\" data-thumbnail=\"https:\/\/mrkloznica.rs\/wp-content\/uploads\/2026\/02\/bly-8725-6980dd6cef9b1-300x282.webp\" data-width=\"300\" data-height=\"282\" aria-label=\"\" role=\"img\" ><\/div>\n\t\t\t\t\t\t\t\t\t\t\t<div class=\"elementor-gallery-item__overlay\"><\/div>\n\t\t\t\t\t\t\t\t\t\t\t\t\t\t<\/a>\n\t\t\t\t\t\t\t<a class=\"e-gallery-item elementor-gallery-item elementor-animated-content\" href=\"https:\/\/mrkloznica.rs\/wp-content\/uploads\/2026\/02\/img-6824-6980dd701f115.webp\" data-elementor-open-lightbox=\"yes\" data-elementor-lightbox-slideshow=\"8cba8ab\" data-elementor-lightbox-title=\"img-6824-6980dd701f115\" data-e-action-hash=\"#elementor-action%3Aaction%3Dlightbox%26settings%3DeyJpZCI6NjA0LCJ1cmwiOiJodHRwczpcL1wvbXJrbG96bmljYS5yc1wvd3AtY29udGVudFwvdXBsb2Fkc1wvMjAyNlwvMDJcL2ltZy02ODI0LTY5ODBkZDcwMWYxMTUud2VicCIsInNsaWRlc2hvdyI6IjhjYmE4YWIifQ%3D%3D\">\n\t\t\t\t\t<div class=\"e-gallery-image elementor-gallery-item__image\" data-thumbnail=\"https:\/\/mrkloznica.rs\/wp-content\/uploads\/2026\/02\/img-6824-6980dd701f115-300x225.webp\" data-width=\"300\" data-height=\"225\" aria-label=\"\" role=\"img\" ><\/div>\n\t\t\t\t\t\t\t\t\t\t\t<div class=\"elementor-gallery-item__overlay\"><\/div>\n\t\t\t\t\t\t\t\t\t\t\t\t\t\t<\/a>\n\t\t\t\t\t\t\t<a class=\"e-gallery-item elementor-gallery-item elementor-animated-content\" href=\"https:\/\/mrkloznica.rs\/wp-content\/uploads\/2026\/02\/img-7345208e2f54a1e9dd6913c6f275b568-v-6980dd70b58dd.webp\" data-elementor-open-lightbox=\"yes\" data-elementor-lightbox-slideshow=\"8cba8ab\" data-elementor-lightbox-title=\"img-7345208e2f54a1e9dd6913c6f275b568-v-6980dd70b58dd\" data-e-action-hash=\"#elementor-action%3Aaction%3Dlightbox%26settings%3DeyJpZCI6NjA2LCJ1cmwiOiJodHRwczpcL1wvbXJrbG96bmljYS5yc1wvd3AtY29udGVudFwvdXBsb2Fkc1wvMjAyNlwvMDJcL2ltZy03MzQ1MjA4ZTJmNTRhMWU5ZGQ2OTEzYzZmMjc1YjU2OC12LTY5ODBkZDcwYjU4ZGQud2VicCIsInNsaWRlc2hvdyI6IjhjYmE4YWIifQ%3D%3D\">\n\t\t\t\t\t<div class=\"e-gallery-image elementor-gallery-item__image\" data-thumbnail=\"https:\/\/mrkloznica.rs\/wp-content\/uploads\/2026\/02\/img-7345208e2f54a1e9dd6913c6f275b568-v-6980dd70b58dd-300x282.webp\" data-width=\"300\" data-height=\"282\" aria-label=\"\" role=\"img\" ><\/div>\n\t\t\t\t\t\t\t\t\t\t\t<div class=\"elementor-gallery-item__overlay\"><\/div>\n\t\t\t\t\t\t\t\t\t\t\t\t\t\t<\/a>\n\t\t\t\t\t\t\t<a class=\"e-gallery-item elementor-gallery-item elementor-animated-content\" href=\"https:\/\/mrkloznica.rs\/wp-content\/uploads\/2026\/02\/img-1c44d84f29570592da9a65866cf6c31a-v-6980dd70ac89e.webp\" data-elementor-open-lightbox=\"yes\" data-elementor-lightbox-slideshow=\"8cba8ab\" data-elementor-lightbox-title=\"img-1c44d84f29570592da9a65866cf6c31a-v-6980dd70ac89e\" data-e-action-hash=\"#elementor-action%3Aaction%3Dlightbox%26settings%3DeyJpZCI6NjAzLCJ1cmwiOiJodHRwczpcL1wvbXJrbG96bmljYS5yc1wvd3AtY29udGVudFwvdXBsb2Fkc1wvMjAyNlwvMDJcL2ltZy0xYzQ0ZDg0ZjI5NTcwNTkyZGE5YTY1ODY2Y2Y2YzMxYS12LTY5ODBkZDcwYWM4OWUud2VicCIsInNsaWRlc2hvdyI6IjhjYmE4YWIifQ%3D%3D\">\n\t\t\t\t\t<div class=\"e-gallery-image elementor-gallery-item__image\" data-thumbnail=\"https:\/\/mrkloznica.rs\/wp-content\/uploads\/2026\/02\/img-1c44d84f29570592da9a65866cf6c31a-v-6980dd70ac89e-300x200.webp\" data-width=\"300\" data-height=\"200\" aria-label=\"\" role=\"img\" ><\/div>\n\t\t\t\t\t\t\t\t\t\t\t<div class=\"elementor-gallery-item__overlay\"><\/div>\n\t\t\t\t\t\t\t\t\t\t\t\t\t\t<\/a>\n\t\t\t\t\t\t\t<a class=\"e-gallery-item elementor-gallery-item elementor-animated-content\" href=\"https:\/\/mrkloznica.rs\/wp-content\/uploads\/2026\/02\/img-6840-6980dd702a7dc.webp\" data-elementor-open-lightbox=\"yes\" data-elementor-lightbox-slideshow=\"8cba8ab\" data-elementor-lightbox-title=\"img-6840-6980dd702a7dc\" data-e-action-hash=\"#elementor-action%3Aaction%3Dlightbox%26settings%3DeyJpZCI6NjA1LCJ1cmwiOiJodHRwczpcL1wvbXJrbG96bmljYS5yc1wvd3AtY29udGVudFwvdXBsb2Fkc1wvMjAyNlwvMDJcL2ltZy02ODQwLTY5ODBkZDcwMmE3ZGMud2VicCIsInNsaWRlc2hvdyI6IjhjYmE4YWIifQ%3D%3D\">\n\t\t\t\t\t<div class=\"e-gallery-image elementor-gallery-item__image\" data-thumbnail=\"https:\/\/mrkloznica.rs\/wp-content\/uploads\/2026\/02\/img-6840-6980dd702a7dc-297x300.webp\" data-width=\"297\" data-height=\"300\" aria-label=\"\" role=\"img\" ><\/div>\n\t\t\t\t\t\t\t\t\t\t\t<div class=\"elementor-gallery-item__overlay\"><\/div>\n\t\t\t\t\t\t\t\t\t\t\t\t\t\t<\/a>\n\t\t\t\t\t\t\t<a class=\"e-gallery-item elementor-gallery-item elementor-animated-content\" href=\"https:\/\/mrkloznica.rs\/wp-content\/uploads\/2026\/02\/bly-8727-6980dd6e2924c.webp\" data-elementor-open-lightbox=\"yes\" data-elementor-lightbox-slideshow=\"8cba8ab\" data-elementor-lightbox-title=\"bly-8727-6980dd6e2924c\" data-e-action-hash=\"#elementor-action%3Aaction%3Dlightbox%26settings%3DeyJpZCI6NjAwLCJ1cmwiOiJodHRwczpcL1wvbXJrbG96bmljYS5yc1wvd3AtY29udGVudFwvdXBsb2Fkc1wvMjAyNlwvMDJcL2JseS04NzI3LTY5ODBkZDZlMjkyNGMud2VicCIsInNsaWRlc2hvdyI6IjhjYmE4YWIifQ%3D%3D\">\n\t\t\t\t\t<div class=\"e-gallery-image elementor-gallery-item__image\" data-thumbnail=\"https:\/\/mrkloznica.rs\/wp-content\/uploads\/2026\/02\/bly-8727-6980dd6e2924c-300x261.webp\" data-width=\"300\" data-height=\"261\" aria-label=\"\" role=\"img\" ><\/div>\n\t\t\t\t\t\t\t\t\t\t\t<div class=\"elementor-gallery-item__overlay\"><\/div>\n\t\t\t\t\t\t\t\t\t\t\t\t\t\t<\/a>\n\t\t\t\t\t\t\t<a class=\"e-gallery-item elementor-gallery-item elementor-animated-content\" href=\"https:\/\/mrkloznica.rs\/wp-content\/uploads\/2026\/02\/bly-8732-6980dd6f68945.webp\" data-elementor-open-lightbox=\"yes\" data-elementor-lightbox-slideshow=\"8cba8ab\" data-elementor-lightbox-title=\"bly-8732-6980dd6f68945\" data-e-action-hash=\"#elementor-action%3Aaction%3Dlightbox%26settings%3DeyJpZCI6NjAxLCJ1cmwiOiJodHRwczpcL1wvbXJrbG96bmljYS5yc1wvd3AtY29udGVudFwvdXBsb2Fkc1wvMjAyNlwvMDJcL2JseS04NzMyLTY5ODBkZDZmNjg5NDUud2VicCIsInNsaWRlc2hvdyI6IjhjYmE4YWIifQ%3D%3D\">\n\t\t\t\t\t<div class=\"e-gallery-image elementor-gallery-item__image\" data-thumbnail=\"https:\/\/mrkloznica.rs\/wp-content\/uploads\/2026\/02\/bly-8732-6980dd6f68945-300x300.webp\" data-width=\"300\" data-height=\"300\" aria-label=\"\" role=\"img\" ><\/div>\n\t\t\t\t\t\t\t\t\t\t\t<div class=\"elementor-gallery-item__overlay\"><\/div>\n\t\t\t\t\t\t\t\t\t\t\t\t\t\t<\/a>\n\t\t\t\t\t<\/div>\n\t\t\t\t\t<\/div>\n\t\t\t\t\t<\/div>\n\t\t\t\t<\/div>\n\t\t<div class=\"elementor-element elementor-element-eed6132 e-con-full e-flex e-con e-parent\" data-id=\"eed6132\" data-element_type=\"container\" data-e-type=\"container\">\n\t\t\t\t<div class=\"elementor-element elementor-element-8f3a44b elementor-widget-divider--view-line_text elementor-widget-divider--element-align-center elementor-widget elementor-widget-divider\" data-id=\"8f3a44b\" data-element_type=\"widget\" data-e-type=\"widget\" data-widget_type=\"divider.default\">\n\t\t\t\t\t\t\t<div class=\"elementor-divider\">\n\t\t\t<span class=\"elementor-divider-separator\">\n\t\t\t\t\t\t\t<span class=\"elementor-divider__text elementor-divider__element\">\n\t\t\t\tMRK LOZNICA\t\t\t\t<\/span>\n\t\t\t\t\t\t<\/span>\n\t\t<\/div>\n\t\t\t\t\t\t<\/div>\n\t\t\t\t<\/div>\n\t\t<div class=\"elementor-element elementor-element-3dec11c e-flex e-con-boxed e-con e-parent\" data-id=\"3dec11c\" data-element_type=\"container\" data-e-type=\"container\" data-settings=\"{&quot;background_background&quot;:&quot;classic&quot;}\">\n\t\t\t\t\t<div class=\"e-con-inner\">\n\t\t<div class=\"elementor-element elementor-element-eb21137 e-con-full e-flex e-con e-child\" data-id=\"eb21137\" data-element_type=\"container\" data-e-type=\"container\">\n\t\t\t\t<div class=\"elementor-element elementor-element-c61f082 elementor-widget elementor-widget-text-editor\" data-id=\"c61f082\" data-element_type=\"widget\" data-e-type=\"widget\" data-widget_type=\"text-editor.default\">\n\t\t\t\t\t\t\t\t\t<p>PODACI MRK LOZNICA<\/p>\t\t\t\t\t\t\t\t<\/div>\n\t\t\t\t<div class=\"elementor-element elementor-element-92c7617 elementor-widget elementor-widget-text-editor\" data-id=\"92c7617\" data-element_type=\"widget\" data-e-type=\"widget\" data-widget_type=\"text-editor.default\">\n\t\t\t\t\t\t\t\t\t<p>Mu\u0161ki rukometni klub &#8220;Loznica&#8221;<br \/>Milo\u0161a Pocerca 58, 15300 Loznica<br \/>UFK &#8220;Lagator&#8221;<br \/>PIB: 102740368<br \/>MB: 07330731<\/p>\t\t\t\t\t\t\t\t<\/div>\n\t\t\t\t<\/div>\n\t\t<div class=\"elementor-element elementor-element-b357e7c e-con-full e-flex e-con e-child\" data-id=\"b357e7c\" data-element_type=\"container\" data-e-type=\"container\">\n\t\t\t\t<div class=\"elementor-element elementor-element-d00937e elementor-widget elementor-widget-image\" data-id=\"d00937e\" data-element_type=\"widget\" data-e-type=\"widget\" data-widget_type=\"image.default\">\n\t\t\t\t\t\t\t\t\t\t\t\t\t\t\t<img fetchpriority=\"high\" decoding=\"async\" width=\"350\" height=\"391\" src=\"https:\/\/mrkloznica.rs\/wp-content\/uploads\/2025\/12\/logo-mrk-loznica-350-s.webp\" class=\"attachment-large size-large wp-image-123\" alt=\"\" srcset=\"https:\/\/mrkloznica.rs\/wp-content\/uploads\/2025\/12\/logo-mrk-loznica-350-s.webp 350w, https:\/\/mrkloznica.rs\/wp-content\/uploads\/2025\/12\/logo-mrk-loznica-350-s-269x300.webp 269w\" sizes=\"(max-width: 350px) 100vw, 350px\" \/>\t\t\t\t\t\t\t\t\t\t\t\t\t\t\t<\/div>\n\t\t\t\t<\/div>\n\t\t<div class=\"elementor-element elementor-element-6dcd092 e-con-full e-flex e-con e-child\" data-id=\"6dcd092\" data-element_type=\"container\" data-e-type=\"container\">\n\t\t\t\t<div class=\"elementor-element elementor-element-397c66e elementor-widget elementor-widget-text-editor\" data-id=\"397c66e\" data-element_type=\"widget\" data-e-type=\"widget\" data-widget_type=\"text-editor.default\">\n\t\t\t\t\t\t\t\t\t<p>KONTAKT MRK LOZNICA<\/p>\t\t\t\t\t\t\t\t<\/div>\n\t\t\t\t<div class=\"elementor-element elementor-element-ba1b9fd elementor-widget elementor-widget-text-editor\" data-id=\"ba1b9fd\" data-element_type=\"widget\" data-e-type=\"widget\" data-widget_type=\"text-editor.default\">\n\t\t\t\t\t\t\t\t\t<p>Sekretar kluba: Milan Obrenovi\u0107<br \/>Kontakt telefon: +381 63 209 782<br \/>rk.loznica10@gmail.com<br \/>mrkloznica@gmail.com<\/p>\t\t\t\t\t\t\t\t<\/div>\n\t\t\t\t<\/div>\n\t\t\t\t\t<\/div>\n\t\t\t\t<\/div>\n\t\t\t\t<\/div>\n\t\t","protected":false},"excerpt":{"rendered":"<p>Najmla\u0111i rukometa\u0161i, do 11 godina, takmi\u010de se u mini ligi koju organizuje Rukometni Savez Grada Loznice. Ekipa 2013. godi\u0161te, takmi\u010dila<\/p>\n","protected":false},"author":1,"featured_media":1303,"parent":0,"menu_order":0,"comment_status":"closed","ping_status":"closed","template":"","meta":{"footnotes":""},"class_list":["post-594","page","type-page","status-publish","has-post-thumbnail","hentry"],"blocksy_meta":{"has_hero_section":"disabled","styles_descriptor":{"styles":{"desktop":"","tablet":"","mobile":""},"google_fonts":[],"version":6}},"_links":{"self":[{"href":"https:\/\/mrkloznica.rs\/index.php\/wp-json\/wp\/v2\/pages\/594","targetHints":{"allow":["GET"]}}],"collection":[{"href":"https:\/\/mrkloznica.rs\/index.php\/wp-json\/wp\/v2\/pages"}],"about":[{"href":"https:\/\/mrkloznica.rs\/index.php\/wp-json\/wp\/v2\/types\/page"}],"author":[{"embeddable":true,"href":"https:\/\/mrkloznica.rs\/index.php\/wp-json\/wp\/v2\/users\/1"}],"replies":[{"embeddable":true,"href":"https:\/\/mrkloznica.rs\/index.php\/wp-json\/wp\/v2\/comments?post=594"}],"version-history":[{"count":5,"href":"https:\/\/mrkloznica.rs\/index.php\/wp-json\/wp\/v2\/pages\/594\/revisions"}],"predecessor-version":[{"id":1379,"href":"https:\/\/mrkloznica.rs\/index.php\/wp-json\/wp\/v2\/pages\/594\/revisions\/1379"}],"wp:featuredmedia":[{"embeddable":true,"href":"https:\/\/mrkloznica.rs\/index.php\/wp-json\/wp\/v2\/media\/1303"}],"wp:attachment":[{"href":"https:\/\/mrkloznica.rs\/index.php\/wp-json\/wp\/v2\/media?parent=594"}],"curies":[{"name":"wp","href":"https:\/\/api.w.org\/{rel}","templated":true}]}}